{"id":16714,"date":"2021-10-04T16:13:10","date_gmt":"2021-10-04T14:13:10","guid":{"rendered":"https:\/\/kibriskupeste.com\/communication\/"},"modified":"2025-01-31T14:35:18","modified_gmt":"2025-01-31T12:35:18","slug":"communication","status":"publish","type":"page","link":"https:\/\/kibriskupeste.com\/en\/communication\/","title":{"rendered":"Contact Us"},"content":{"rendered":"<p>[vc_row full_width=&#8221;stretch_row&#8221; gap=&#8221;35&#8243; css=&#8221;.vc_custom_1538651393568{padding-bottom: 60px !important;}&#8221;][vc_column el_class=&#8221;on-top&#8221;][vc_row_inner el_class=&#8221;overlapped&#8221;][vc_column_inner el_class=&#8221;shadow-box&#8221;]<span class=\"subtitle dash-false style-dark text-default\">Head Office<\/span>[vc_column_text]<\/p>\n<h2>Nicosia<\/h2>\n<p>[\/vc_column_text]<div class=\"dash style-dark default\"><\/div><div class=\"feature-box icon-title-only slim box-default spacing-1 spacing-mob-30\"><span class=\"lnr lnr-phone\"><\/span><div class=\"content-wrapper\"><h3 class=\"feature-title\">0 (392) 444 97 97<\/h3><\/div><\/div><div class=\"feature-box icon-title-only slim box-default spacing-1 spacing-mob-30\"><span class=\"lnr lnr-envelope\"><\/span><div class=\"content-wrapper\"><h3 class=\"feature-title\">info@ayseercikalar.com<\/h3><\/div><\/div><div class=\"feature-box icon-title-only slim box-default spacing-30 spacing-mob-30\"><span class=\"lnr lnr-home\"><\/span><div class=\"content-wrapper\"><h3 class=\"feature-title\">Harbour Road, Near Port View Hotel, No:1, Famagusta, North Cyprus<\/h3><\/div><\/div>[vc_gmaps link=&#8221;#E-8_JTNDaWZyYW1lJTIwc3JjJTNEJTIyaHR0cHMlM0ElMkYlMkZ3d3cuZ29vZ2xlLmNvbSUyRm1hcHMlMkZlbWJlZCUzRnBiJTNEJTIxMW0xOCUyMTFtMTIlMjExbTMlMjExZDMyNTkuNjgyMTA4NDQyOTM0JTIxMmQzMy4zNDUyNjE1MTYwODQ2MSUyMTNkMzUuMjE0Mzg2NDYzMDM4ODElMjEybTMlMjExZjAlMjEyZjAlMjEzZjAlMjEzbTIlMjExaTEwMjQlMjEyaTc2OCUyMTRmMTMuMSUyMTNtMyUyMTFtMiUyMTFzMHgxNGRlMTFmMDg3YThkMTIzJTI1M0EweDRmNmZiZTg0YjUxZGJkY2YlMjEyelFYbkZuMlVnUlhMRHAybHJZV3hoY2lCTHc3eHdaY1dmZEdVJTIxNWUwJTIxM20yJTIxMXN0ciUyMTJzJTIxNHYxNjMzNDI3MjYxODc1JTIxNW0yJTIxMXN0ciUyMTJzJTIyJTIwd2lkdGglM0QlMjI2MDAlMjIlMjBoZWlnaHQlM0QlMjI0NTAlMjIlMjBzdHlsZSUzRCUyMmJvcmRlciUzQTAlM0IlMjIlMjBhbGxvd2Z1bGxzY3JlZW4lM0QlMjIlMjIlMjBsb2FkaW5nJTNEJTIybGF6eSUyMiUzRSUzQyUyRmlmcmFtZSUzRQ==&#8221;][\/vc_column_inner][\/vc_row_inner][\/vc_column][\/vc_row][vc_row full_width=&#8221;stretch_row&#8221; gap=&#8221;30&#8243; css=&#8221;.vc_custom_1538651428201{padding-top: 80px !important;padding-bottom: 120px !important;background: #f5f5f5 url(https:\/\/kibriskupeste.com\/wp-content\/uploads\/2018\/10\/vertical-grid-5.png?id=12972) !important;background-position: 0 0 !important;background-repeat: repeat !important;}&#8221;][vc_column]<span class=\"subtitle dash-true style-dark text-default\">Contact Form<\/span>[vc_column_text css_animation=&#8221;fadeIn&#8221; css=&#8221;.vc_custom_1615880334732{margin-bottom: 35px !important;}&#8221;]<\/p>\n<h2>How can we help you?<\/h2>\n<p>[\/vc_column_text][vc_row_inner equal_height=&#8221;yes&#8221; gap=&#8221;30&#8243; css=&#8221;.vc_custom_1535104842056{margin-right: 0px !important;margin-left: 0px !important;padding-top: 0px !important;}&#8221;][vc_column_inner el_class=&#8221;shadow-box&#8221;]\n<div class=\"wpcf7 no-js\" id=\"wpcf7-f16844-o1\" lang=\"en-US\" dir=\"ltr\" data-wpcf7-id=\"16844\">\n<div class=\"screen-reader-response\"><p role=\"status\" aria-live=\"polite\" aria-atomic=\"true\"><\/p> <ul><\/ul><\/div>\n<form action=\"\/en\/wp-json\/wp\/v2\/pages\/16714#wpcf7-f16844-o1\" method=\"post\" class=\"wpcf7-form init\" aria-label=\"Contact form\" novalidate=\"novalidate\" data-status=\"init\">\n<fieldset class=\"hidden-fields-container\"><input type=\"hidden\" name=\"_wpcf7\" value=\"16844\" \/><input type=\"hidden\" name=\"_wpcf7_version\" value=\"6.1.5\" \/><input type=\"hidden\" name=\"_wpcf7_locale\" value=\"en_US\" \/><input type=\"hidden\" name=\"_wpcf7_unit_tag\" value=\"wpcf7-f16844-o1\" \/><input type=\"hidden\" name=\"_wpcf7_container_post\" value=\"0\" \/><input type=\"hidden\" name=\"_wpcf7_posted_data_hash\" value=\"\" \/><input type=\"hidden\" name=\"_wpcf7_recaptcha_response\" value=\"\" \/>\n<\/fieldset>\n<p><span class=\"wpcf7-form-control-wrap\" data-name=\"your-name\"><input size=\"40\" maxlength=\"400\" class=\"wpcf7-form-control wpcf7-text wpcf7-validates-as-required\" aria-required=\"true\" aria-invalid=\"false\" placeholder=\"\u0130sim\" value=\"\" type=\"text\" name=\"your-name\" \/><\/span>\n<\/p>\n<p><span class=\"wpcf7-form-control-wrap\" data-name=\"your-email\"><input size=\"40\" maxlength=\"400\" class=\"wpcf7-form-control wpcf7-email wpcf7-validates-as-required wpcf7-text wpcf7-validates-as-email\" aria-required=\"true\" aria-invalid=\"false\" placeholder=\"E-Posta\" value=\"\" type=\"email\" name=\"your-email\" \/><\/span>\n<\/p>\n<p><span class=\"wpcf7-form-control-wrap\" data-name=\"your-subject\"><input size=\"40\" maxlength=\"400\" class=\"wpcf7-form-control wpcf7-text wpcf7-validates-as-required\" aria-required=\"true\" aria-invalid=\"false\" placeholder=\"Ba\u015fl\u0131k\" value=\"\" type=\"text\" name=\"your-subject\" \/><\/span>\n<\/p>\n<p><span class=\"wpcf7-form-control-wrap\" data-name=\"your-message\"><textarea cols=\"5\" rows=\"1\" maxlength=\"2000\" class=\"wpcf7-form-control wpcf7-textarea wpcf7-validates-as-required\" aria-required=\"true\" aria-invalid=\"false\" placeholder=\"L\u00fctfen iletmek istedi\u011finiz mesaj\u0131 giriniz.\" name=\"your-message\"><\/textarea><\/span><br \/>\n<br \/>\n<input class=\"wpcf7-form-control wpcf7-submit has-spinner\" type=\"submit\" value=\"G\u00f6nder\" \/>\n<\/p><p style=\"display: none !important;\" class=\"akismet-fields-container\" data-prefix=\"_wpcf7_ak_\"><label>&#916;<textarea name=\"_wpcf7_ak_hp_textarea\" cols=\"45\" rows=\"8\" maxlength=\"100\"><\/textarea><\/label><input type=\"hidden\" id=\"ak_js_1\" name=\"_wpcf7_ak_js\" value=\"46\"\/><script>document.getElementById( \"ak_js_1\" ).setAttribute( \"value\", ( new Date() ).getTime() );<\/script><\/p><div class=\"wpcf7-response-output\" aria-hidden=\"true\"><\/div>\n<\/form>\n<\/div>\n[\/vc_column_inner][\/vc_row_inner][\/vc_column][\/vc_row]<\/p>\n","protected":false},"excerpt":{"rendered":"<p>[vc_row full_width=&#8221;stretch_row&#8221; gap=&#8221;35&#8243; css=&#8221;.vc_custom_1538651393568{padding-bottom: 60px !important;}&#8221;][vc_column el_class=&#8221;on-top&#8221;][vc_row_inner el_class=&#8221;overlapped&#8221;][vc_column_inner el_class=&#8221;shadow-box&#8221;][vc_column_text] Nicosia [\/vc_column_text][vc_gmaps link=&#8221;#E-8_JTNDaWZyYW1lJTIwc3JjJTNEJTIyaHR0cHMlM0ElMkYlMkZ3d3cuZ29vZ2xlLmNvbSUyRm1hcHMlMkZlbWJlZCUzRnBiJTNEJTIxMW0xOCUyMTFtMTIlMjExbTMlMjExZDMyNTkuNjgyMTA4NDQyOTM0JTIxMmQzMy4zNDUyNjE1MTYwODQ2MSUyMTNkMzUuMjE0Mzg2NDYzMDM4ODElMjEybTMlMjExZjAlMjEyZjAlMjEzZjAlMjEzbTIlMjExaTEwMjQlMjEyaTc2OCUyMTRmMTMuMSUyMTNtMyUyMTFtMiUyMTFzMHgxNGRlMTFmMDg3YThkMTIzJTI1M0EweDRmNmZiZTg0YjUxZGJkY2YlMjEyelFYbkZuMlVnUlhMRHAybHJZV3hoY2lCTHc3eHdaY1dmZEdVJTIxNWUwJTIxM20yJTIxMXN0ciUyMTJzJTIxNHYxNjMzNDI3MjYxODc1JTIxNW0yJTIxMXN0ciUyMTJzJTIyJTIwd2lkdGglM0QlMjI2MDAlMjIlMjBoZWlnaHQlM0QlMjI0NTAlMjIlMjBzdHlsZSUzRCUyMmJvcmRlciUzQTAlM0IlMjIlMjBhbGxvd2Z1bGxzY3JlZW4lM0QlMjIlMjIlMjBsb2FkaW5nJTNEJTIybGF6eSUyMiUzRSUzQyUyRmlmcmFtZSUzRQ==&#8221;][\/vc_column_inner][\/vc_row_inner][\/vc_column][\/vc_row][vc_row full_width=&#8221;stretch_row&#8221; gap=&#8221;30&#8243; css=&#8221;.vc_custom_1538651428201{padding-top: 80px !important;padding-bottom: 120px !important;background: #f5f5f5 url(https:\/\/kibriskupeste.com\/wp-content\/uploads\/2018\/10\/vertical-grid-5.png?id=12972) !important;background-position: 0 0 !important;background-repeat: repeat !important;}&#8221;][vc_column][vc_column_text css_animation=&#8221;fadeIn&#8221; css=&#8221;.vc_custom_1615880334732{margin-bottom: 35px !important;}&#8221;] How can we help you? [\/vc_column_text][vc_row_inner equal_height=&#8221;yes&#8221; gap=&#8221;30&#8243; css=&#8221;.vc_custom_1535104842056{margin-right: 0px !important;margin-left: 0px !important;padding-top: 0px !important;}&#8221;][vc_column_inner el_class=&#8221;shadow-box&#8221;][\/vc_column_inner][\/vc_row_inner][\/vc_column][\/vc_row]<\/p>\n","protected":false},"author":1,"featured_media":0,"parent":0,"menu_order":0,"comment_status":"closed","ping_status":"closed","template":"","meta":{"footnotes":""},"class_list":["post-16714","page","type-page","status-publish","hentry"],"_links":{"self":[{"href":"https:\/\/kibriskupeste.com\/en\/wp-json\/wp\/v2\/pages\/16714","targetHints":{"allow":["GET"]}}],"collection":[{"href":"https:\/\/kibriskupeste.com\/en\/wp-json\/wp\/v2\/pages"}],"about":[{"href":"https:\/\/kibriskupeste.com\/en\/wp-json\/wp\/v2\/types\/page"}],"author":[{"embeddable":true,"href":"https:\/\/kibriskupeste.com\/en\/wp-json\/wp\/v2\/users\/1"}],"replies":[{"embeddable":true,"href":"https:\/\/kibriskupeste.com\/en\/wp-json\/wp\/v2\/comments?post=16714"}],"version-history":[{"count":20,"href":"https:\/\/kibriskupeste.com\/en\/wp-json\/wp\/v2\/pages\/16714\/revisions"}],"predecessor-version":[{"id":175069,"href":"https:\/\/kibriskupeste.com\/en\/wp-json\/wp\/v2\/pages\/16714\/revisions\/175069"}],"wp:attachment":[{"href":"https:\/\/kibriskupeste.com\/en\/wp-json\/wp\/v2\/media?parent=16714"}],"curies":[{"name":"wp","href":"https:\/\/api.w.org\/{rel}","templated":true}]}}