{"id":16727,"date":"2021-10-04T16:26:26","date_gmt":"2021-10-04T14:26:26","guid":{"rendered":"https:\/\/kibriskupeste.com\/product-groups\/"},"modified":"2021-10-05T12:22:52","modified_gmt":"2021-10-05T10:22:52","slug":"product-groups","status":"publish","type":"page","link":"https:\/\/kibriskupeste.com\/en\/product-groups\/","title":{"rendered":"Product Groups"},"content":{"rendered":"<p>[vc_row][vc_column width=&#8221;1\/4&#8243;]<div class=\"content-box service-item alignment-centered service-box-dark spacing-30\"><a href=\"https:\/\/kibriskupeste.com\/urun-gruplari\/kibris-ic-mekan-kupeste\/\"><div class=\"image-container\"><div class=\"vertical-number-box\"><span class=\"vertical-number\">01<\/span><\/div><div class=\"arrow-box\"><span class=\"icon-arrow-right\"><\/span><\/div><img decoding=\"async\" src=\"https:\/\/kibriskupeste.com\/wp-content\/uploads\/2021\/10\/Kapak360x500.jpg\" alt=\"\u0130\u00e7 Mekan K\u00fcpe\u015fteleri\"><\/div><div class=\"content-box-info\"><h4 class=\"box-heading\">\u0130\u00e7 Mekan K\u00fcpe\u015fteleri<\/h4><\/div><\/a><\/div>[\/vc_column][vc_column width=&#8221;1\/4&#8243;]<div class=\"content-box service-item alignment-centered service-box-dark spacing-30\"><a href=\"https:\/\/kibriskupeste.com\/urun-gruplari\/kibris-balkon-teras-kupestesi\/\"><div class=\"image-container\"><div class=\"vertical-number-box\"><span class=\"vertical-number\">02<\/span><\/div><div class=\"arrow-box\"><span class=\"icon-arrow-right\"><\/span><\/div><img decoding=\"async\" src=\"https:\/\/kibriskupeste.com\/wp-content\/uploads\/2021\/10\/Kapak-360x500-1.jpg\" alt=\"Balcony and Terrace Railings\"><\/div><div class=\"content-box-info\"><h4 class=\"box-heading\">Balcony and Terrace Railings<\/h4><\/div><\/a><\/div>[\/vc_column][vc_column width=&#8221;1\/4&#8243;]<div class=\"content-box service-item alignment-centered service-box-dark spacing-30\"><a href=\"https:\/\/kibriskupeste.com\/urun-gruplari\/kibris-bahce-kapilari-duvar-aralari\/\"><div class=\"image-container\"><div class=\"vertical-number-box\"><span class=\"vertical-number\">03<\/span><\/div><div class=\"arrow-box\"><span class=\"icon-arrow-right\"><\/span><\/div><img decoding=\"async\" src=\"https:\/\/kibriskupeste.com\/wp-content\/uploads\/2021\/10\/Kapak-360x500-2.jpg\" alt=\"Garden and Entrance Doors\"><\/div><div class=\"content-box-info\"><h4 class=\"box-heading\">Garden and Entrance Doors<\/h4><\/div><\/a><\/div>[\/vc_column][vc_column width=&#8221;1\/4&#8243;]<div class=\"content-box service-item alignment-centered service-box-dark spacing-30\"><a href=\"https:\/\/kibriskupeste.com\/urun-gruplari\/kibris-bahce-kapilari-duvar-aralari\/garaj-surme-kapisi\/\"><div class=\"image-container\"><div class=\"vertical-number-box\"><span class=\"vertical-number\">04<\/span><\/div><div class=\"arrow-box\"><span class=\"icon-arrow-right\"><\/span><\/div><img decoding=\"async\" src=\"https:\/\/kibriskupeste.com\/wp-content\/uploads\/2021\/10\/Kapak-360x500-5.jpg\" alt=\"Garage Doors (Sliding)\"><\/div><div class=\"content-box-info\"><h4 class=\"box-heading\">Garage Doors (Sliding)<\/h4><\/div><\/a><\/div>[\/vc_column][\/vc_row][vc_row][vc_column width=&#8221;1\/4&#8243;]<div class=\"content-box service-item alignment-centered service-box-dark spacing-30\"><a href=\"https:\/\/kibriskupeste.com\/urun-gruplari\/kibris-bahce-kapilari-duvar-aralari\/giris-kanat-kapisi\/\"><div class=\"image-container\"><div class=\"vertical-number-box\"><span class=\"vertical-number\">05<\/span><\/div><div class=\"arrow-box\"><span class=\"icon-arrow-right\"><\/span><\/div><img decoding=\"async\" src=\"https:\/\/kibriskupeste.com\/wp-content\/uploads\/2021\/10\/Kapak-360x500-6.jpg\" alt=\"Enterance Doors\"><\/div><div class=\"content-box-info\"><h4 class=\"box-heading\">Enterance Doors<\/h4><\/div><\/a><\/div>[\/vc_column][vc_column width=&#8221;1\/4&#8243;]<div class=\"content-box service-item alignment-centered service-box-dark spacing-30\"><a href=\"https:\/\/kibriskupeste.com\/urun-gruplari\/havuz-kenari-kupesteleri\/\"><div class=\"image-container\"><div class=\"vertical-number-box\"><span class=\"vertical-number\">06<\/span><\/div><div class=\"arrow-box\"><span class=\"icon-arrow-right\"><\/span><\/div><img decoding=\"async\" src=\"https:\/\/kibriskupeste.com\/wp-content\/uploads\/2021\/10\/Kapak-360x500-2-1.jpg\" alt=\"Pool Side Railings\"><\/div><div class=\"content-box-info\"><h4 class=\"box-heading\">Pool Side Railings<\/h4><\/div><\/a><\/div>[\/vc_column][vc_column width=&#8221;1\/4&#8243;]<div class=\"content-box service-item alignment-centered service-box-dark spacing-30\"><a href=\"https:\/\/kibriskupeste.com\/urun-gruplari\/bahce-citleri\/\"><div class=\"image-container\"><div class=\"vertical-number-box\"><span class=\"vertical-number\">07<\/span><\/div><div class=\"arrow-box\"><span class=\"icon-arrow-right\"><\/span><\/div><img decoding=\"async\" src=\"https:\/\/kibriskupeste.com\/wp-content\/uploads\/2021\/10\/Kapak-360x500-4.jpg\" alt=\"Garden Fences\"><\/div><div class=\"content-box-info\"><h4 class=\"box-heading\">Garden Fences<\/h4><\/div><\/a><\/div>[\/vc_column][vc_column width=&#8221;1\/4&#8243;][\/vc_column][\/vc_row][vc_row][vc_column][vc_cta add_button=&#8221;right&#8221; btn_title=&#8221;Please Contact Us&#8221; btn_link=&#8221;url:https%3A%2F%2Fayseercikalar.com%2Fen%2Fcommunication|title:Contact%20Us&#8221;][\/vc_cta][\/vc_column][\/vc_row]<\/p>\n","protected":false},"excerpt":{"rendered":"<p>[vc_row][vc_column width=&#8221;1\/4&#8243;][\/vc_column][vc_column width=&#8221;1\/4&#8243;][\/vc_column][vc_column width=&#8221;1\/4&#8243;][\/vc_column][vc_column width=&#8221;1\/4&#8243;][\/vc_column][\/vc_row][vc_row][vc_column width=&#8221;1\/4&#8243;][\/vc_column][vc_column width=&#8221;1\/4&#8243;][\/vc_column][vc_column width=&#8221;1\/4&#8243;][\/vc_column][vc_column width=&#8221;1\/4&#8243;][\/vc_column][\/vc_row][vc_row][vc_column][vc_cta add_button=&#8221;right&#8221; btn_title=&#8221;Please Contact Us&#8221; btn_link=&#8221;url:https%3A%2F%2Fayseercikalar.com%2Fen%2Fcommunication|title:Contact%20Us&#8221;][\/vc_cta][\/vc_column][\/vc_row]<\/p>\n","protected":false},"author":1,"featured_media":0,"parent":0,"menu_order":0,"comment_status":"closed","ping_status":"closed","template":"","meta":{"footnotes":""},"class_list":["post-16727","page","type-page","status-publish","hentry"],"_links":{"self":[{"href":"https:\/\/kibriskupeste.com\/en\/wp-json\/wp\/v2\/pages\/16727","targetHints":{"allow":["GET"]}}],"collection":[{"href":"https:\/\/kibriskupeste.com\/en\/wp-json\/wp\/v2\/pages"}],"about":[{"href":"https:\/\/kibriskupeste.com\/en\/wp-json\/wp\/v2\/types\/page"}],"author":[{"embeddable":true,"href":"https:\/\/kibriskupeste.com\/en\/wp-json\/wp\/v2\/users\/1"}],"replies":[{"embeddable":true,"href":"https:\/\/kibriskupeste.com\/en\/wp-json\/wp\/v2\/comments?post=16727"}],"version-history":[{"count":11,"href":"https:\/\/kibriskupeste.com\/en\/wp-json\/wp\/v2\/pages\/16727\/revisions"}],"predecessor-version":[{"id":17058,"href":"https:\/\/kibriskupeste.com\/en\/wp-json\/wp\/v2\/pages\/16727\/revisions\/17058"}],"wp:attachment":[{"href":"https:\/\/kibriskupeste.com\/en\/wp-json\/wp\/v2\/media?parent=16727"}],"curies":[{"name":"wp","href":"https:\/\/api.w.org\/{rel}","templated":true}]}}