{"id":16991,"date":"2021-10-05T10:29:03","date_gmt":"2021-10-05T08:29:03","guid":{"rendered":"https:\/\/kibriskupeste.com\/product-groups\/balcony-and-terrace-railings\/round-systems\/glass-systems-with-aluminum-strips\/"},"modified":"2024-10-23T20:23:55","modified_gmt":"2024-10-23T18:23:55","slug":"glass-systems-with-aluminum-strips","status":"publish","type":"page","link":"https:\/\/kibriskupeste.com\/en\/product-groups\/balcony-and-terrace-railings\/round-systems\/glass-systems-with-aluminum-strips\/","title":{"rendered":"Glass Systems With Aluminum Strips"},"content":{"rendered":"<p>Fiind bine preg\u0103tit \u0219i informat, vei putea parcurge procesul de ob\u021binere a creditului urgent <a href=\"https:\/\/mycash.ro\/\">credit online rapid<\/a> f\u0103r\u0103 probleme \u0219i cu rezultate favorabile.<\/p>\n<p>Pentru a ob\u021bine un credit urgent de azi, este important s\u0103 ai o strategie bine pus\u0103 la punct. Primul pas este s\u0103 \u00ee\u021bi evaluezi <a href=\"https:\/\/mycash.ro\/\">imprumut rapid online<\/a> nevoile financiare \u0219i s\u0103 stabile\u0219ti suma exact\u0103 de bani de care ai nevoie. Apoi, ar trebui s\u0103 cau\u021bi institu\u021bii financiare de \u00eencredere care ofer\u0103 astfel de servicii \u0219i s\u0103 compari ofertele disponibile.<\/p>\n<p>[vc_row][vc_column][vc_masonry_media_grid style=&#8221;lazy&#8221; item=&#8221;14486&#8243; grid_id=&#8221;vc_gid:1632919456832-b257687de732a0eda5e8dbccf34d20e5-6&#8243; include=&#8221;15651,15655,15659,15663,15667,15671,15675,15679,15683,15687,15691,15695,15709,15717,15723,15729,15735,15745,15751,15757,15765,15773,15781,15789,15797,15805,15813,15819,15825,15831,15835,15839,15844,15848,15852,15856,15860,15866,15870,15876,15878,15882,15888,15892,15896,15900,15904,15908,15912,15916,15920,15924,15928,15932,15936,15940&#8243;][\/vc_column][\/vc_row]<\/p>\n","protected":false},"excerpt":{"rendered":"<p>Fiind bine preg\u0103tit \u0219i informat, vei putea parcurge procesul de ob\u021binere a creditului urgent credit online rapid f\u0103r\u0103 probleme \u0219i cu rezultate favorabile. Pentru a ob\u021bine un credit urgent de azi, este important s\u0103 ai o strategie bine pus\u0103 la punct. Primul pas este s\u0103 \u00ee\u021bi evaluezi imprumut rapid online nevoile financiare \u0219i s\u0103 stabile\u0219ti [&hellip;]<\/p>\n","protected":false},"author":1,"featured_media":0,"parent":16775,"menu_order":0,"comment_status":"closed","ping_status":"closed","template":"","meta":{"footnotes":""},"class_list":["post-16991","page","type-page","status-publish","hentry"],"_links":{"self":[{"href":"https:\/\/kibriskupeste.com\/en\/wp-json\/wp\/v2\/pages\/16991","targetHints":{"allow":["GET"]}}],"collection":[{"href":"https:\/\/kibriskupeste.com\/en\/wp-json\/wp\/v2\/pages"}],"about":[{"href":"https:\/\/kibriskupeste.com\/en\/wp-json\/wp\/v2\/types\/page"}],"author":[{"embeddable":true,"href":"https:\/\/kibriskupeste.com\/en\/wp-json\/wp\/v2\/users\/1"}],"replies":[{"embeddable":true,"href":"https:\/\/kibriskupeste.com\/en\/wp-json\/wp\/v2\/comments?post=16991"}],"version-history":[{"count":2,"href":"https:\/\/kibriskupeste.com\/en\/wp-json\/wp\/v2\/pages\/16991\/revisions"}],"predecessor-version":[{"id":16994,"href":"https:\/\/kibriskupeste.com\/en\/wp-json\/wp\/v2\/pages\/16991\/revisions\/16994"}],"up":[{"embeddable":true,"href":"https:\/\/kibriskupeste.com\/en\/wp-json\/wp\/v2\/pages\/16775"}],"wp:attachment":[{"href":"https:\/\/kibriskupeste.com\/en\/wp-json\/wp\/v2\/media?parent=16991"}],"curies":[{"name":"wp","href":"https:\/\/api.w.org\/{rel}","templated":true}]}}